{"id":218,"date":"2023-02-07T09:14:02","date_gmt":"2023-02-07T08:14:02","guid":{"rendered":"https:\/\/gov.multi.system-testowy.pl\/?page_id=218"},"modified":"2024-07-23T18:10:13","modified_gmt":"2024-07-23T16:10:13","slug":"brak-dopasowania","status":"publish","type":"page","link":"https:\/\/multiportalgov.bonasoft.pl\/centrumeuslug\/brak-dopasowania\/","title":{"rendered":"Z\u0142\u00f3\u017c wniosek o powi\u0105zanie konta z kontrahentem"},"content":{"rendered":"\n<div class=\"wp-block-columns alignwide is-layout-flex wp-container-core-columns-is-layout-1 wp-block-columns-is-layout-flex\">\n<div class=\"wp-block-column is-layout-flow wp-block-column-is-layout-flow\" style=\"border-style:none;border-width:0px;padding-top:0;padding-right:0;padding-bottom:0;padding-left:0\">\n<div class=\"wp-block-group has-border-color has-global-padding is-layout-constrained wp-container-core-group-is-layout-1 wp-block-group-is-layout-constrained\" style=\"border-color:#d6ddf3;border-width:1px;border-radius:8px;min-height:245px;padding-top:var(--wp--preset--spacing--20);padding-right:var(--wp--preset--spacing--20);padding-bottom:var(--wp--preset--spacing--20);padding-left:var(--wp--preset--spacing--20)\">\n<h2 class=\"wp-block-heading\">Jestem przedsi\u0119biorc\u0105<\/h2>\n\n\n\n<p>Je\u015bli dokonujesz op\u0142at jako osoba prawna wy\u015blij wniosek o powi\u0105zanie Twojego profilu <br>z kontrahentem w naszej bazie.<\/p>\n\n\n\n<div class=\"wp-block-buttons alignfull is-content-justification-center is-layout-flex wp-container-core-buttons-is-layout-1 wp-block-buttons-is-layout-flex\">\n<div class=\"wp-block-button has-custom-width wp-block-button__width-75\"><a class=\"wp-block-button__link wp-element-button\" href=\"https:\/\/multiportalgov.bonasoft.pl\/centrumeuslug\/brak-dopasowania\/jestem-przedsiebiorca\/\">Przejd\u017a do formularza<\/a><\/div>\n<\/div>\n<\/div>\n<\/div>\n\n\n\n<div class=\"wp-block-column is-layout-flow wp-block-column-is-layout-flow\" style=\"border-style:none;border-width:0px;padding-top:0;padding-right:0;padding-bottom:0;padding-left:0\">\n<div class=\"wp-block-group has-border-color has-global-padding is-layout-constrained wp-container-core-group-is-layout-2 wp-block-group-is-layout-constrained\" style=\"border-color:#d6ddf3;border-width:1px;border-radius:8px;min-height:245px;padding-top:var(--wp--preset--spacing--20);padding-right:var(--wp--preset--spacing--20);padding-bottom:var(--wp--preset--spacing--20);padding-left:var(--wp--preset--spacing--20)\">\n<h2 class=\"wp-block-heading\">Jestem mieszka\u0144cem<\/h2>\n\n\n\n<p>Je\u015bli dokonujesz op\u0142at jako osoba fizyczna (mieszkaniec) nie posiadamy Twojego numeru PESEL w naszej bazie. Z\u0142\u00f3\u017c wniosek <br>o uzupe\u0142nienie bazy i powi\u0105zanie konta.<\/p>\n\n\n\n<div class=\"wp-block-buttons alignfull is-content-justification-center is-layout-flex wp-container-core-buttons-is-layout-2 wp-block-buttons-is-layout-flex\">\n<div class=\"wp-block-button has-custom-width wp-block-button__width-75\"><a class=\"wp-block-button__link wp-element-button\" href=\"https:\/\/multiportalgov.bonasoft.pl\/centrumeuslug\/brak-dopasowania\/jestem-mieszkancem\/\">Przejd\u017a do formularza<\/a><\/div>\n<\/div>\n<\/div>\n<\/div>\n\n\n\n<div class=\"wp-block-column is-layout-flow wp-block-column-is-layout-flow\" style=\"border-style:none;border-width:0px;padding-top:0;padding-right:0;padding-bottom:0;padding-left:0\">\n<div class=\"wp-block-group has-border-color has-global-padding is-layout-constrained wp-container-core-group-is-layout-3 wp-block-group-is-layout-constrained\" style=\"border-color:#d6ddf3;border-width:1px;border-radius:8px;min-height:245px;padding-top:var(--wp--preset--spacing--20);padding-right:var(--wp--preset--spacing--20);padding-bottom:var(--wp--preset--spacing--20);padding-left:var(--wp--preset--spacing--20)\">\n<h2 class=\"wp-block-heading\">Zosta\u0142em upowa\u017cniony<\/h2>\n\n\n\n<p>Zosta\u0142e\u015b upowa\u017cniony przez inn\u0105 osob\u0119 do jej zobowi\u0105za\u0144 podatkowych? Wype\u0142nij wniosek aby uzyska\u0107 dost\u0119p do dodatkowego kontekstu.<\/p>\n\n\n\n<div class=\"wp-block-buttons alignfull is-content-justification-center is-layout-flex wp-container-core-buttons-is-layout-3 wp-block-buttons-is-layout-flex\">\n<div class=\"wp-block-button has-custom-width wp-block-button__width-75\"><a class=\"wp-block-button__link wp-element-button\" href=\"https:\/\/multiportalgov.bonasoft.pl\/centrumeuslug\/brak-dopasowania\/zostalem-upowazniony\/\">Przejd\u017a do formularza<\/a><\/div>\n<\/div>\n<\/div>\n<\/div>\n<\/div>\n","protected":false},"excerpt":{"rendered":"<p>Jestem przedsi\u0119biorc\u0105 Je\u015bli dokonujesz op\u0142at jako osoba prawna wy\u015blij wniosek o powi\u0105zanie Twojego profilu z kontrahentem w naszej bazie. Jestem mieszka\u0144cem Je\u015bli dokonujesz op\u0142at jako osoba fizyczna (mieszkaniec) nie posiadamy Twojego numeru PESEL w naszej bazie. Z\u0142\u00f3\u017c wniosek o uzupe\u0142nienie bazy i powi\u0105zanie konta. Zosta\u0142em upowa\u017cniony Zosta\u0142e\u015b upowa\u017cniony przez inn\u0105 osob\u0119 do jej zobowi\u0105za\u0144 podatkowych? [&hellip;]<\/p>\n","protected":false},"author":2,"featured_media":0,"parent":0,"menu_order":0,"comment_status":"closed","ping_status":"closed","template":"","meta":{"_acf_changed":false,"inline_featured_image":false,"_uag_custom_page_level_css":"","footnotes":""},"class_list":["post-218","page","type-page","status-publish","hentry"],"acf":[],"yoast_head":"<!-- This site is optimized with the Yoast SEO plugin v26.2 - https:\/\/yoast.com\/wordpress\/plugins\/seo\/ -->\n<title>Z\u0142\u00f3\u017c wniosek o powi\u0105zanie konta z kontrahentem - Centrum e-Us\u0142ug<\/title>\n<meta name=\"robots\" content=\"index, follow, max-snippet:-1, max-image-preview:large, max-video-preview:-1\" \/>\n<link rel=\"canonical\" href=\"https:\/\/multiportalgov.bonasoft.pl\/centrumeuslug\/brak-dopasowania\/\" \/>\n<meta property=\"og:locale\" content=\"pl_PL\" \/>\n<meta property=\"og:type\" content=\"article\" \/>\n<meta property=\"og:title\" content=\"Z\u0142\u00f3\u017c wniosek o powi\u0105zanie konta z kontrahentem - Centrum e-Us\u0142ug\" \/>\n<meta property=\"og:description\" content=\"Jestem przedsi\u0119biorc\u0105 Je\u015bli dokonujesz op\u0142at jako osoba prawna wy\u015blij wniosek o powi\u0105zanie Twojego profilu z kontrahentem w naszej bazie. Jestem mieszka\u0144cem Je\u015bli dokonujesz op\u0142at jako osoba fizyczna (mieszkaniec) nie posiadamy Twojego numeru PESEL w naszej bazie. Z\u0142\u00f3\u017c wniosek o uzupe\u0142nienie bazy i powi\u0105zanie konta. Zosta\u0142em upowa\u017cniony Zosta\u0142e\u015b upowa\u017cniony przez inn\u0105 osob\u0119 do jej zobowi\u0105za\u0144 podatkowych? [&hellip;]\" \/>\n<meta property=\"og:url\" content=\"https:\/\/multiportalgov.bonasoft.pl\/centrumeuslug\/brak-dopasowania\/\" \/>\n<meta property=\"og:site_name\" content=\"Centrum e-Us\u0142ug\" \/>\n<meta property=\"article:modified_time\" content=\"2024-07-23T16:10:13+00:00\" \/>\n<meta name=\"twitter:card\" content=\"summary_large_image\" \/>\n<meta name=\"twitter:label1\" content=\"Szacowany czas czytania\" \/>\n\t<meta name=\"twitter:data1\" content=\"1 minuta\" \/>\n<script type=\"application\/ld+json\" class=\"yoast-schema-graph\">{\"@context\":\"https:\/\/schema.org\",\"@graph\":[{\"@type\":\"WebPage\",\"@id\":\"https:\/\/multiportalgov.bonasoft.pl\/centrumeuslug\/brak-dopasowania\/\",\"url\":\"https:\/\/multiportalgov.bonasoft.pl\/centrumeuslug\/brak-dopasowania\/\",\"name\":\"Z\u0142\u00f3\u017c wniosek o powi\u0105zanie konta z kontrahentem - Centrum e-Us\u0142ug\",\"isPartOf\":{\"@id\":\"https:\/\/multiportalgov.bonasoft.pl\/centrumeuslug\/#website\"},\"datePublished\":\"2023-02-07T08:14:02+00:00\",\"dateModified\":\"2024-07-23T16:10:13+00:00\",\"breadcrumb\":{\"@id\":\"https:\/\/multiportalgov.bonasoft.pl\/centrumeuslug\/brak-dopasowania\/#breadcrumb\"},\"inLanguage\":\"pl-PL\",\"potentialAction\":[{\"@type\":\"ReadAction\",\"target\":[\"https:\/\/multiportalgov.bonasoft.pl\/centrumeuslug\/brak-dopasowania\/\"]}]},{\"@type\":\"BreadcrumbList\",\"@id\":\"https:\/\/multiportalgov.bonasoft.pl\/centrumeuslug\/brak-dopasowania\/#breadcrumb\",\"itemListElement\":[{\"@type\":\"ListItem\",\"position\":1,\"name\":\"e-Us\u0142ugi\",\"item\":\"https:\/\/multiportalgov.bonasoft.pl\/centrumeuslug\/\"},{\"@type\":\"ListItem\",\"position\":2,\"name\":\"Z\u0142\u00f3\u017c wniosek o powi\u0105zanie konta z kontrahentem\"}]},{\"@type\":\"WebSite\",\"@id\":\"https:\/\/multiportalgov.bonasoft.pl\/centrumeuslug\/#website\",\"url\":\"https:\/\/multiportalgov.bonasoft.pl\/centrumeuslug\/\",\"name\":\"Centrum e-Us\u0142ug\",\"description\":\"\",\"publisher\":{\"@id\":\"https:\/\/multiportalgov.bonasoft.pl\/centrumeuslug\/#organization\"},\"potentialAction\":[{\"@type\":\"SearchAction\",\"target\":{\"@type\":\"EntryPoint\",\"urlTemplate\":\"https:\/\/multiportalgov.bonasoft.pl\/centrumeuslug\/?s={search_term_string}\"},\"query-input\":{\"@type\":\"PropertyValueSpecification\",\"valueRequired\":true,\"valueName\":\"search_term_string\"}}],\"inLanguage\":\"pl-PL\"},{\"@type\":\"Organization\",\"@id\":\"https:\/\/multiportalgov.bonasoft.pl\/centrumeuslug\/#organization\",\"name\":\"Centrum e-Us\u0142ug\",\"url\":\"https:\/\/multiportalgov.bonasoft.pl\/centrumeuslug\/\",\"logo\":{\"@type\":\"ImageObject\",\"inLanguage\":\"pl-PL\",\"@id\":\"https:\/\/multiportalgov.bonasoft.pl\/centrumeuslug\/#\/schema\/logo\/image\/\",\"url\":\"https:\/\/multiportalgov.bonasoft.pl\/centrumeuslug\/wp-content\/uploads\/sites\/19\/2024\/05\/Frame-1.png\",\"contentUrl\":\"https:\/\/multiportalgov.bonasoft.pl\/centrumeuslug\/wp-content\/uploads\/sites\/19\/2024\/05\/Frame-1.png\",\"width\":248,\"height\":62,\"caption\":\"Centrum e-Us\u0142ug\"},\"image\":{\"@id\":\"https:\/\/multiportalgov.bonasoft.pl\/centrumeuslug\/#\/schema\/logo\/image\/\"}}]}<\/script>\n<!-- \/ Yoast SEO plugin. -->","yoast_head_json":{"title":"Z\u0142\u00f3\u017c wniosek o powi\u0105zanie konta z kontrahentem - Centrum e-Us\u0142ug","robots":{"index":"index","follow":"follow","max-snippet":"max-snippet:-1","max-image-preview":"max-image-preview:large","max-video-preview":"max-video-preview:-1"},"canonical":"https:\/\/multiportalgov.bonasoft.pl\/centrumeuslug\/brak-dopasowania\/","og_locale":"pl_PL","og_type":"article","og_title":"Z\u0142\u00f3\u017c wniosek o powi\u0105zanie konta z kontrahentem - Centrum e-Us\u0142ug","og_description":"Jestem przedsi\u0119biorc\u0105 Je\u015bli dokonujesz op\u0142at jako osoba prawna wy\u015blij wniosek o powi\u0105zanie Twojego profilu z kontrahentem w naszej bazie. Jestem mieszka\u0144cem Je\u015bli dokonujesz op\u0142at jako osoba fizyczna (mieszkaniec) nie posiadamy Twojego numeru PESEL w naszej bazie. Z\u0142\u00f3\u017c wniosek o uzupe\u0142nienie bazy i powi\u0105zanie konta. Zosta\u0142em upowa\u017cniony Zosta\u0142e\u015b upowa\u017cniony przez inn\u0105 osob\u0119 do jej zobowi\u0105za\u0144 podatkowych? [&hellip;]","og_url":"https:\/\/multiportalgov.bonasoft.pl\/centrumeuslug\/brak-dopasowania\/","og_site_name":"Centrum e-Us\u0142ug","article_modified_time":"2024-07-23T16:10:13+00:00","twitter_card":"summary_large_image","twitter_misc":{"Szacowany czas czytania":"1 minuta"},"schema":{"@context":"https:\/\/schema.org","@graph":[{"@type":"WebPage","@id":"https:\/\/multiportalgov.bonasoft.pl\/centrumeuslug\/brak-dopasowania\/","url":"https:\/\/multiportalgov.bonasoft.pl\/centrumeuslug\/brak-dopasowania\/","name":"Z\u0142\u00f3\u017c wniosek o powi\u0105zanie konta z kontrahentem - Centrum e-Us\u0142ug","isPartOf":{"@id":"https:\/\/multiportalgov.bonasoft.pl\/centrumeuslug\/#website"},"datePublished":"2023-02-07T08:14:02+00:00","dateModified":"2024-07-23T16:10:13+00:00","breadcrumb":{"@id":"https:\/\/multiportalgov.bonasoft.pl\/centrumeuslug\/brak-dopasowania\/#breadcrumb"},"inLanguage":"pl-PL","potentialAction":[{"@type":"ReadAction","target":["https:\/\/multiportalgov.bonasoft.pl\/centrumeuslug\/brak-dopasowania\/"]}]},{"@type":"BreadcrumbList","@id":"https:\/\/multiportalgov.bonasoft.pl\/centrumeuslug\/brak-dopasowania\/#breadcrumb","itemListElement":[{"@type":"ListItem","position":1,"name":"e-Us\u0142ugi","item":"https:\/\/multiportalgov.bonasoft.pl\/centrumeuslug\/"},{"@type":"ListItem","position":2,"name":"Z\u0142\u00f3\u017c wniosek o powi\u0105zanie konta z kontrahentem"}]},{"@type":"WebSite","@id":"https:\/\/multiportalgov.bonasoft.pl\/centrumeuslug\/#website","url":"https:\/\/multiportalgov.bonasoft.pl\/centrumeuslug\/","name":"Centrum e-Us\u0142ug","description":"","publisher":{"@id":"https:\/\/multiportalgov.bonasoft.pl\/centrumeuslug\/#organization"},"potentialAction":[{"@type":"SearchAction","target":{"@type":"EntryPoint","urlTemplate":"https:\/\/multiportalgov.bonasoft.pl\/centrumeuslug\/?s={search_term_string}"},"query-input":{"@type":"PropertyValueSpecification","valueRequired":true,"valueName":"search_term_string"}}],"inLanguage":"pl-PL"},{"@type":"Organization","@id":"https:\/\/multiportalgov.bonasoft.pl\/centrumeuslug\/#organization","name":"Centrum e-Us\u0142ug","url":"https:\/\/multiportalgov.bonasoft.pl\/centrumeuslug\/","logo":{"@type":"ImageObject","inLanguage":"pl-PL","@id":"https:\/\/multiportalgov.bonasoft.pl\/centrumeuslug\/#\/schema\/logo\/image\/","url":"https:\/\/multiportalgov.bonasoft.pl\/centrumeuslug\/wp-content\/uploads\/sites\/19\/2024\/05\/Frame-1.png","contentUrl":"https:\/\/multiportalgov.bonasoft.pl\/centrumeuslug\/wp-content\/uploads\/sites\/19\/2024\/05\/Frame-1.png","width":248,"height":62,"caption":"Centrum e-Us\u0142ug"},"image":{"@id":"https:\/\/multiportalgov.bonasoft.pl\/centrumeuslug\/#\/schema\/logo\/image\/"}}]}},"uagb_featured_image_src":{"full":false,"thumbnail":false,"medium":false,"medium_large":false,"large":false,"thumblist":false,"thumbrelated":false,"meccarouselthumb":false,"gridsquare":false,"tileview":false,"1536x1536":false,"2048x2048":false,"tainacan-small":false,"tainacan-medium":false,"tainacan-medium-full":false,"tainacan-large-full":false},"uagb_author_info":{"display_name":"Administrator","author_link":"https:\/\/multiportalgov.bonasoft.pl\/centrumeuslug\/author\/jragin\/"},"uagb_comment_info":0,"uagb_excerpt":"Jestem przedsi\u0119biorc\u0105 Je\u015bli dokonujesz op\u0142at jako osoba prawna wy\u015blij wniosek o powi\u0105zanie Twojego profilu z kontrahentem w naszej bazie. Jestem mieszka\u0144cem Je\u015bli dokonujesz op\u0142at jako osoba fizyczna (mieszkaniec) nie posiadamy Twojego numeru PESEL w naszej bazie. Z\u0142\u00f3\u017c wniosek o uzupe\u0142nienie bazy i powi\u0105zanie konta. Zosta\u0142em upowa\u017cniony Zosta\u0142e\u015b upowa\u017cniony przez inn\u0105 osob\u0119 do jej zobowi\u0105za\u0144 podatkowych?&hellip;","_links":{"self":[{"href":"https:\/\/multiportalgov.bonasoft.pl\/centrumeuslug\/wp-json\/wp\/v2\/pages\/218","targetHints":{"allow":["GET"]}}],"collection":[{"href":"https:\/\/multiportalgov.bonasoft.pl\/centrumeuslug\/wp-json\/wp\/v2\/pages"}],"about":[{"href":"https:\/\/multiportalgov.bonasoft.pl\/centrumeuslug\/wp-json\/wp\/v2\/types\/page"}],"author":[{"embeddable":true,"href":"https:\/\/multiportalgov.bonasoft.pl\/centrumeuslug\/wp-json\/wp\/v2\/users\/2"}],"replies":[{"embeddable":true,"href":"https:\/\/multiportalgov.bonasoft.pl\/centrumeuslug\/wp-json\/wp\/v2\/comments?post=218"}],"version-history":[{"count":5,"href":"https:\/\/multiportalgov.bonasoft.pl\/centrumeuslug\/wp-json\/wp\/v2\/pages\/218\/revisions"}],"predecessor-version":[{"id":1222,"href":"https:\/\/multiportalgov.bonasoft.pl\/centrumeuslug\/wp-json\/wp\/v2\/pages\/218\/revisions\/1222"}],"wp:attachment":[{"href":"https:\/\/multiportalgov.bonasoft.pl\/centrumeuslug\/wp-json\/wp\/v2\/media?parent=218"}],"curies":[{"name":"wp","href":"https:\/\/api.w.org\/{rel}","templated":true}]}}