{"id":491,"date":"2023-02-27T15:11:26","date_gmt":"2023-02-27T14:11:26","guid":{"rendered":"https:\/\/gov.multi.system-testowy.pl\/?page_id=491"},"modified":"2024-05-16T07:37:01","modified_gmt":"2024-05-16T05:37:01","slug":"moje-powiadomienia","status":"publish","type":"page","link":"https:\/\/multiportalgov.bonasoft.pl\/centrumeuslug\/panel-uzytkownika\/moje-powiadomienia\/","title":{"rendered":"e-Powiadomienia"},"content":{"rendered":"\n<div class=\"wp-block-columns is-layout-flex wp-container-core-columns-is-layout-1 wp-block-columns-is-layout-flex\">\n<div class=\"wp-block-column notification-block has-custom-background-blue-light-background-color has-background is-layout-flow wp-block-column-is-layout-flow\" style=\"padding-top:var(--wp--preset--spacing--40);padding-right:var(--wp--preset--spacing--40);padding-bottom:var(--wp--preset--spacing--40);padding-left:var(--wp--preset--spacing--40);flex-basis:50%\">\n<\/div>\n\n\n\n<div class=\"wp-block-column notification-info-block is-layout-flow wp-block-column-is-layout-flow\" style=\"padding-top:var(--wp--preset--spacing--40);padding-right:var(--wp--preset--spacing--40);padding-bottom:var(--wp--preset--spacing--40);padding-left:var(--wp--preset--spacing--40);flex-basis:50%\">\n<h2 class=\"wp-block-heading\">Czym s\u0105 ePowiadomienia<\/h2>\n\n\n\n<p class=\"has-text-align-left\">Us\u0142uga ePowiadomienia umo\u017cliwia konfiguracj\u0119 kana\u0142u komunikacji z Urz\u0119dem. Dost\u0119pne \u015bcie\u017cki komunikacji to:<\/p>\n\n\n\n<ul class=\"wp-block-list\">\n<li>Powiadomienia Systemowe<\/li>\n\n\n\n<li>Powiadomienia e-mail<\/li>\n\n\n\n<li>Powiadomienia SMS<\/li>\n<\/ul>\n\n\n\n<p>Je\u015bli zdecydujesz si\u0119 na w\u0142\u0105czenie us\u0142ugi powiadomienia jakie b\u0119dziesz otrzymywa\u0142 to:<\/p>\n\n\n\n<ul class=\"wp-block-list\">\n<li>Powiadomienie o zaleg\u0142ym zobowi\u0105zaniu podatkowym dla os\u00f3b fizycznych i prawnych<\/li>\n\n\n\n<li>Powiadomienie o zbli\u017caj\u0105cym si\u0119 terminie p\u0142atno\u015bci dla os\u00f3b fizycznych i prawnych<\/li>\n\n\n\n<li>Przypomnienie o z\u0142o\u017ceniu deklaracji na podatek rolny i le\u015bny dla os\u00f3b prawnych<\/li>\n\n\n\n<li>Przypomnienie o z\u0142o\u017ceniu deklaracji na podatek od nieruchomo\u015bci dla os\u00f3b prawnych<\/li>\n\n\n\n<li>Przypomnienie o z\u0142o\u017ceniu deklaracji na podatek od \u015brodk\u00f3w transportu dla os\u00f3b fizycznych i prawnych<\/li>\n<\/ul>\n\n\n\n<div style=\"height:50px\" aria-hidden=\"true\" class=\"wp-block-spacer\"><\/div>\n\n\n\n<div class=\"wp-block-buttons is-content-justification-center is-layout-flex wp-container-core-buttons-is-layout-1 wp-block-buttons-is-layout-flex\">\n<div class=\"wp-block-button has-custom-width wp-block-button__width-100 has-custom-font-size is-style-fill has-small-font-size\"><a class=\"wp-block-button__link wp-element-button\" href=\"https:\/\/multiportalgov.bonasoft.pl\/centrumeuslug\/panel-uzytkownika\/moje-powiadomienia\/powiadomienia-systemowe\/\" style=\"border-radius:8px\">Przejd\u017a do powiadomie\u0144 systemowych<\/a><\/div>\n<\/div>\n<\/div>\n<\/div>\n","protected":false},"excerpt":{"rendered":"<p>Czym s\u0105 ePowiadomienia Us\u0142uga ePowiadomienia umo\u017cliwia konfiguracj\u0119 kana\u0142u komunikacji z Urz\u0119dem. Dost\u0119pne \u015bcie\u017cki komunikacji to: Je\u015bli zdecydujesz si\u0119 na w\u0142\u0105czenie us\u0142ugi powiadomienia jakie b\u0119dziesz otrzymywa\u0142 to:<\/p>\n","protected":false},"author":2,"featured_media":0,"parent":188,"menu_order":0,"comment_status":"closed","ping_status":"closed","template":"","meta":{"_acf_changed":false,"inline_featured_image":false,"_uag_custom_page_level_css":"","footnotes":""},"class_list":["post-491","page","type-page","status-publish","hentry"],"acf":[],"yoast_head":"<!-- This site is optimized with the Yoast SEO plugin v26.2 - https:\/\/yoast.com\/wordpress\/plugins\/seo\/ -->\n<title>e-Powiadomienia - Centrum e-Us\u0142ug<\/title>\n<meta name=\"robots\" content=\"index, follow, max-snippet:-1, max-image-preview:large, max-video-preview:-1\" \/>\n<link rel=\"canonical\" href=\"https:\/\/multiportalgov.bonasoft.pl\/centrumeuslug\/panel-uzytkownika\/moje-powiadomienia\/\" \/>\n<meta property=\"og:locale\" content=\"pl_PL\" \/>\n<meta property=\"og:type\" content=\"article\" \/>\n<meta property=\"og:title\" content=\"e-Powiadomienia - Centrum e-Us\u0142ug\" \/>\n<meta property=\"og:description\" content=\"Czym s\u0105 ePowiadomienia Us\u0142uga ePowiadomienia umo\u017cliwia konfiguracj\u0119 kana\u0142u komunikacji z Urz\u0119dem. Dost\u0119pne \u015bcie\u017cki komunikacji to: Je\u015bli zdecydujesz si\u0119 na w\u0142\u0105czenie us\u0142ugi powiadomienia jakie b\u0119dziesz otrzymywa\u0142 to:\" \/>\n<meta property=\"og:url\" content=\"https:\/\/multiportalgov.bonasoft.pl\/centrumeuslug\/panel-uzytkownika\/moje-powiadomienia\/\" \/>\n<meta property=\"og:site_name\" content=\"Centrum e-Us\u0142ug\" \/>\n<meta property=\"article:modified_time\" content=\"2024-05-16T05:37:01+00:00\" \/>\n<meta name=\"twitter:card\" content=\"summary_large_image\" \/>\n<meta name=\"twitter:label1\" content=\"Szacowany czas czytania\" \/>\n\t<meta name=\"twitter:data1\" content=\"1 minuta\" \/>\n<script type=\"application\/ld+json\" class=\"yoast-schema-graph\">{\"@context\":\"https:\/\/schema.org\",\"@graph\":[{\"@type\":\"WebPage\",\"@id\":\"https:\/\/multiportalgov.bonasoft.pl\/centrumeuslug\/panel-uzytkownika\/moje-powiadomienia\/\",\"url\":\"https:\/\/multiportalgov.bonasoft.pl\/centrumeuslug\/panel-uzytkownika\/moje-powiadomienia\/\",\"name\":\"e-Powiadomienia - Centrum e-Us\u0142ug\",\"isPartOf\":{\"@id\":\"https:\/\/multiportalgov.bonasoft.pl\/centrumeuslug\/#website\"},\"datePublished\":\"2023-02-27T14:11:26+00:00\",\"dateModified\":\"2024-05-16T05:37:01+00:00\",\"breadcrumb\":{\"@id\":\"https:\/\/multiportalgov.bonasoft.pl\/centrumeuslug\/panel-uzytkownika\/moje-powiadomienia\/#breadcrumb\"},\"inLanguage\":\"pl-PL\",\"potentialAction\":[{\"@type\":\"ReadAction\",\"target\":[\"https:\/\/multiportalgov.bonasoft.pl\/centrumeuslug\/panel-uzytkownika\/moje-powiadomienia\/\"]}]},{\"@type\":\"BreadcrumbList\",\"@id\":\"https:\/\/multiportalgov.bonasoft.pl\/centrumeuslug\/panel-uzytkownika\/moje-powiadomienia\/#breadcrumb\",\"itemListElement\":[{\"@type\":\"ListItem\",\"position\":1,\"name\":\"e-Us\u0142ugi\",\"item\":\"https:\/\/multiportalgov.bonasoft.pl\/centrumeuslug\/\"},{\"@type\":\"ListItem\",\"position\":2,\"name\":\"Panel u\u017cytkownika\",\"item\":\"https:\/\/multiportalgov.bonasoft.pl\/centrumeuslug\/panel-uzytkownika\/\"},{\"@type\":\"ListItem\",\"position\":3,\"name\":\"e-Powiadomienia\"}]},{\"@type\":\"WebSite\",\"@id\":\"https:\/\/multiportalgov.bonasoft.pl\/centrumeuslug\/#website\",\"url\":\"https:\/\/multiportalgov.bonasoft.pl\/centrumeuslug\/\",\"name\":\"Centrum e-Us\u0142ug\",\"description\":\"\",\"publisher\":{\"@id\":\"https:\/\/multiportalgov.bonasoft.pl\/centrumeuslug\/#organization\"},\"potentialAction\":[{\"@type\":\"SearchAction\",\"target\":{\"@type\":\"EntryPoint\",\"urlTemplate\":\"https:\/\/multiportalgov.bonasoft.pl\/centrumeuslug\/?s={search_term_string}\"},\"query-input\":{\"@type\":\"PropertyValueSpecification\",\"valueRequired\":true,\"valueName\":\"search_term_string\"}}],\"inLanguage\":\"pl-PL\"},{\"@type\":\"Organization\",\"@id\":\"https:\/\/multiportalgov.bonasoft.pl\/centrumeuslug\/#organization\",\"name\":\"Centrum e-Us\u0142ug\",\"url\":\"https:\/\/multiportalgov.bonasoft.pl\/centrumeuslug\/\",\"logo\":{\"@type\":\"ImageObject\",\"inLanguage\":\"pl-PL\",\"@id\":\"https:\/\/multiportalgov.bonasoft.pl\/centrumeuslug\/#\/schema\/logo\/image\/\",\"url\":\"https:\/\/multiportalgov.bonasoft.pl\/centrumeuslug\/wp-content\/uploads\/sites\/19\/2024\/05\/Frame-1.png\",\"contentUrl\":\"https:\/\/multiportalgov.bonasoft.pl\/centrumeuslug\/wp-content\/uploads\/sites\/19\/2024\/05\/Frame-1.png\",\"width\":248,\"height\":62,\"caption\":\"Centrum e-Us\u0142ug\"},\"image\":{\"@id\":\"https:\/\/multiportalgov.bonasoft.pl\/centrumeuslug\/#\/schema\/logo\/image\/\"}}]}<\/script>\n<!-- \/ Yoast SEO plugin. -->","yoast_head_json":{"title":"e-Powiadomienia - Centrum e-Us\u0142ug","robots":{"index":"index","follow":"follow","max-snippet":"max-snippet:-1","max-image-preview":"max-image-preview:large","max-video-preview":"max-video-preview:-1"},"canonical":"https:\/\/multiportalgov.bonasoft.pl\/centrumeuslug\/panel-uzytkownika\/moje-powiadomienia\/","og_locale":"pl_PL","og_type":"article","og_title":"e-Powiadomienia - Centrum e-Us\u0142ug","og_description":"Czym s\u0105 ePowiadomienia Us\u0142uga ePowiadomienia umo\u017cliwia konfiguracj\u0119 kana\u0142u komunikacji z Urz\u0119dem. Dost\u0119pne \u015bcie\u017cki komunikacji to: Je\u015bli zdecydujesz si\u0119 na w\u0142\u0105czenie us\u0142ugi powiadomienia jakie b\u0119dziesz otrzymywa\u0142 to:","og_url":"https:\/\/multiportalgov.bonasoft.pl\/centrumeuslug\/panel-uzytkownika\/moje-powiadomienia\/","og_site_name":"Centrum e-Us\u0142ug","article_modified_time":"2024-05-16T05:37:01+00:00","twitter_card":"summary_large_image","twitter_misc":{"Szacowany czas czytania":"1 minuta"},"schema":{"@context":"https:\/\/schema.org","@graph":[{"@type":"WebPage","@id":"https:\/\/multiportalgov.bonasoft.pl\/centrumeuslug\/panel-uzytkownika\/moje-powiadomienia\/","url":"https:\/\/multiportalgov.bonasoft.pl\/centrumeuslug\/panel-uzytkownika\/moje-powiadomienia\/","name":"e-Powiadomienia - Centrum e-Us\u0142ug","isPartOf":{"@id":"https:\/\/multiportalgov.bonasoft.pl\/centrumeuslug\/#website"},"datePublished":"2023-02-27T14:11:26+00:00","dateModified":"2024-05-16T05:37:01+00:00","breadcrumb":{"@id":"https:\/\/multiportalgov.bonasoft.pl\/centrumeuslug\/panel-uzytkownika\/moje-powiadomienia\/#breadcrumb"},"inLanguage":"pl-PL","potentialAction":[{"@type":"ReadAction","target":["https:\/\/multiportalgov.bonasoft.pl\/centrumeuslug\/panel-uzytkownika\/moje-powiadomienia\/"]}]},{"@type":"BreadcrumbList","@id":"https:\/\/multiportalgov.bonasoft.pl\/centrumeuslug\/panel-uzytkownika\/moje-powiadomienia\/#breadcrumb","itemListElement":[{"@type":"ListItem","position":1,"name":"e-Us\u0142ugi","item":"https:\/\/multiportalgov.bonasoft.pl\/centrumeuslug\/"},{"@type":"ListItem","position":2,"name":"Panel u\u017cytkownika","item":"https:\/\/multiportalgov.bonasoft.pl\/centrumeuslug\/panel-uzytkownika\/"},{"@type":"ListItem","position":3,"name":"e-Powiadomienia"}]},{"@type":"WebSite","@id":"https:\/\/multiportalgov.bonasoft.pl\/centrumeuslug\/#website","url":"https:\/\/multiportalgov.bonasoft.pl\/centrumeuslug\/","name":"Centrum e-Us\u0142ug","description":"","publisher":{"@id":"https:\/\/multiportalgov.bonasoft.pl\/centrumeuslug\/#organization"},"potentialAction":[{"@type":"SearchAction","target":{"@type":"EntryPoint","urlTemplate":"https:\/\/multiportalgov.bonasoft.pl\/centrumeuslug\/?s={search_term_string}"},"query-input":{"@type":"PropertyValueSpecification","valueRequired":true,"valueName":"search_term_string"}}],"inLanguage":"pl-PL"},{"@type":"Organization","@id":"https:\/\/multiportalgov.bonasoft.pl\/centrumeuslug\/#organization","name":"Centrum e-Us\u0142ug","url":"https:\/\/multiportalgov.bonasoft.pl\/centrumeuslug\/","logo":{"@type":"ImageObject","inLanguage":"pl-PL","@id":"https:\/\/multiportalgov.bonasoft.pl\/centrumeuslug\/#\/schema\/logo\/image\/","url":"https:\/\/multiportalgov.bonasoft.pl\/centrumeuslug\/wp-content\/uploads\/sites\/19\/2024\/05\/Frame-1.png","contentUrl":"https:\/\/multiportalgov.bonasoft.pl\/centrumeuslug\/wp-content\/uploads\/sites\/19\/2024\/05\/Frame-1.png","width":248,"height":62,"caption":"Centrum e-Us\u0142ug"},"image":{"@id":"https:\/\/multiportalgov.bonasoft.pl\/centrumeuslug\/#\/schema\/logo\/image\/"}}]}},"uagb_featured_image_src":{"full":false,"thumbnail":false,"medium":false,"medium_large":false,"large":false,"thumblist":false,"thumbrelated":false,"meccarouselthumb":false,"gridsquare":false,"tileview":false,"1536x1536":false,"2048x2048":false,"tainacan-small":false,"tainacan-medium":false,"tainacan-medium-full":false,"tainacan-large-full":false},"uagb_author_info":{"display_name":"Administrator","author_link":"https:\/\/multiportalgov.bonasoft.pl\/centrumeuslug\/author\/jragin\/"},"uagb_comment_info":0,"uagb_excerpt":"Czym s\u0105 ePowiadomienia Us\u0142uga ePowiadomienia umo\u017cliwia konfiguracj\u0119 kana\u0142u komunikacji z Urz\u0119dem. Dost\u0119pne \u015bcie\u017cki komunikacji to: Je\u015bli zdecydujesz si\u0119 na w\u0142\u0105czenie us\u0142ugi powiadomienia jakie b\u0119dziesz otrzymywa\u0142 to:","_links":{"self":[{"href":"https:\/\/multiportalgov.bonasoft.pl\/centrumeuslug\/wp-json\/wp\/v2\/pages\/491","targetHints":{"allow":["GET"]}}],"collection":[{"href":"https:\/\/multiportalgov.bonasoft.pl\/centrumeuslug\/wp-json\/wp\/v2\/pages"}],"about":[{"href":"https:\/\/multiportalgov.bonasoft.pl\/centrumeuslug\/wp-json\/wp\/v2\/types\/page"}],"author":[{"embeddable":true,"href":"https:\/\/multiportalgov.bonasoft.pl\/centrumeuslug\/wp-json\/wp\/v2\/users\/2"}],"replies":[{"embeddable":true,"href":"https:\/\/multiportalgov.bonasoft.pl\/centrumeuslug\/wp-json\/wp\/v2\/comments?post=491"}],"version-history":[{"count":2,"href":"https:\/\/multiportalgov.bonasoft.pl\/centrumeuslug\/wp-json\/wp\/v2\/pages\/491\/revisions"}],"predecessor-version":[{"id":861,"href":"https:\/\/multiportalgov.bonasoft.pl\/centrumeuslug\/wp-json\/wp\/v2\/pages\/491\/revisions\/861"}],"up":[{"embeddable":true,"href":"https:\/\/multiportalgov.bonasoft.pl\/centrumeuslug\/wp-json\/wp\/v2\/pages\/188"}],"wp:attachment":[{"href":"https:\/\/multiportalgov.bonasoft.pl\/centrumeuslug\/wp-json\/wp\/v2\/media?parent=491"}],"curies":[{"name":"wp","href":"https:\/\/api.w.org\/{rel}","templated":true}]}}