{"id":609,"date":"2024-05-14T12:43:48","date_gmt":"2024-05-14T10:43:48","guid":{"rendered":"https:\/\/multiportalgov.bonasoft.pl\/centrumeuslug\/?page_id=609"},"modified":"2024-05-21T13:29:31","modified_gmt":"2024-05-21T11:29:31","slug":"e-konsultacje-spoleczne","status":"publish","type":"page","link":"https:\/\/multiportalgov.bonasoft.pl\/centrumeuslug\/e-konsultacje-spoleczne\/","title":{"rendered":"e-Konsultacje spo\u0142eczne"},"content":{"rendered":"\n<div class=\"wp-block-columns is-layout-flex wp-container-core-columns-is-layout-1 wp-block-columns-is-layout-flex\">\n<div class=\"wp-block-column is-layout-flow wp-block-column-is-layout-flow\">\n<h2 class=\"wp-block-heading\">Ankieta konsultacyjna w sprawie &#8220;Rozw\u00f3j infrastruktury rekreacyjnej&#8221;<\/h2>\n\n\n<form action=\"https:\/\/multiportalgov.bonasoft.pl\/centrumeuslug\/wp-json\/ws-form\/v1\/submit\" class=\"wsf-form wsf-form-canvas\" id=\"ws-form-1\" data-id=\"1\" data-instance-id=\"1\" method=\"POST\"><\/form><\/div>\n\n\n\n<div class=\"wp-block-column is-layout-flow wp-block-column-is-layout-flow\"><\/div>\n<\/div>\n","protected":false},"excerpt":{"rendered":"<p>Ankieta konsultacyjna w sprawie &#8220;Rozw\u00f3j infrastruktury rekreacyjnej&#8221;<\/p>\n","protected":false},"author":2,"featured_media":0,"parent":0,"menu_order":0,"comment_status":"closed","ping_status":"closed","template":"","meta":{"_acf_changed":false,"inline_featured_image":false,"_uag_custom_page_level_css":"","footnotes":""},"class_list":["post-609","page","type-page","status-publish","hentry"],"acf":[],"yoast_head":"<!-- This site is optimized with the Yoast SEO plugin v26.2 - https:\/\/yoast.com\/wordpress\/plugins\/seo\/ -->\n<title>e-Konsultacje spo\u0142eczne - Centrum e-Us\u0142ug<\/title>\n<meta name=\"robots\" content=\"index, follow, max-snippet:-1, max-image-preview:large, max-video-preview:-1\" \/>\n<link rel=\"canonical\" href=\"https:\/\/multiportalgov.bonasoft.pl\/centrumeuslug\/e-konsultacje-spoleczne\/\" \/>\n<meta property=\"og:locale\" content=\"pl_PL\" \/>\n<meta property=\"og:type\" content=\"article\" \/>\n<meta property=\"og:title\" content=\"e-Konsultacje spo\u0142eczne - Centrum e-Us\u0142ug\" \/>\n<meta property=\"og:description\" content=\"Ankieta konsultacyjna w sprawie &#8220;Rozw\u00f3j infrastruktury rekreacyjnej&#8221;\" \/>\n<meta property=\"og:url\" content=\"https:\/\/multiportalgov.bonasoft.pl\/centrumeuslug\/e-konsultacje-spoleczne\/\" \/>\n<meta property=\"og:site_name\" content=\"Centrum e-Us\u0142ug\" \/>\n<meta property=\"article:modified_time\" content=\"2024-05-21T11:29:31+00:00\" \/>\n<meta name=\"twitter:card\" content=\"summary_large_image\" \/>\n<meta name=\"twitter:label1\" content=\"Szacowany czas czytania\" \/>\n\t<meta name=\"twitter:data1\" content=\"1 minuta\" \/>\n<script type=\"application\/ld+json\" class=\"yoast-schema-graph\">{\"@context\":\"https:\/\/schema.org\",\"@graph\":[{\"@type\":\"WebPage\",\"@id\":\"https:\/\/multiportalgov.bonasoft.pl\/centrumeuslug\/e-konsultacje-spoleczne\/\",\"url\":\"https:\/\/multiportalgov.bonasoft.pl\/centrumeuslug\/e-konsultacje-spoleczne\/\",\"name\":\"e-Konsultacje spo\u0142eczne - Centrum e-Us\u0142ug\",\"isPartOf\":{\"@id\":\"https:\/\/multiportalgov.bonasoft.pl\/centrumeuslug\/#website\"},\"datePublished\":\"2024-05-14T10:43:48+00:00\",\"dateModified\":\"2024-05-21T11:29:31+00:00\",\"breadcrumb\":{\"@id\":\"https:\/\/multiportalgov.bonasoft.pl\/centrumeuslug\/e-konsultacje-spoleczne\/#breadcrumb\"},\"inLanguage\":\"pl-PL\",\"potentialAction\":[{\"@type\":\"ReadAction\",\"target\":[\"https:\/\/multiportalgov.bonasoft.pl\/centrumeuslug\/e-konsultacje-spoleczne\/\"]}]},{\"@type\":\"BreadcrumbList\",\"@id\":\"https:\/\/multiportalgov.bonasoft.pl\/centrumeuslug\/e-konsultacje-spoleczne\/#breadcrumb\",\"itemListElement\":[{\"@type\":\"ListItem\",\"position\":1,\"name\":\"e-Us\u0142ugi\",\"item\":\"https:\/\/multiportalgov.bonasoft.pl\/centrumeuslug\/\"},{\"@type\":\"ListItem\",\"position\":2,\"name\":\"e-Konsultacje spo\u0142eczne\"}]},{\"@type\":\"WebSite\",\"@id\":\"https:\/\/multiportalgov.bonasoft.pl\/centrumeuslug\/#website\",\"url\":\"https:\/\/multiportalgov.bonasoft.pl\/centrumeuslug\/\",\"name\":\"Centrum e-Us\u0142ug\",\"description\":\"\",\"publisher\":{\"@id\":\"https:\/\/multiportalgov.bonasoft.pl\/centrumeuslug\/#organization\"},\"potentialAction\":[{\"@type\":\"SearchAction\",\"target\":{\"@type\":\"EntryPoint\",\"urlTemplate\":\"https:\/\/multiportalgov.bonasoft.pl\/centrumeuslug\/?s={search_term_string}\"},\"query-input\":{\"@type\":\"PropertyValueSpecification\",\"valueRequired\":true,\"valueName\":\"search_term_string\"}}],\"inLanguage\":\"pl-PL\"},{\"@type\":\"Organization\",\"@id\":\"https:\/\/multiportalgov.bonasoft.pl\/centrumeuslug\/#organization\",\"name\":\"Centrum e-Us\u0142ug\",\"url\":\"https:\/\/multiportalgov.bonasoft.pl\/centrumeuslug\/\",\"logo\":{\"@type\":\"ImageObject\",\"inLanguage\":\"pl-PL\",\"@id\":\"https:\/\/multiportalgov.bonasoft.pl\/centrumeuslug\/#\/schema\/logo\/image\/\",\"url\":\"https:\/\/multiportalgov.bonasoft.pl\/centrumeuslug\/wp-content\/uploads\/sites\/19\/2024\/05\/Frame-1.png\",\"contentUrl\":\"https:\/\/multiportalgov.bonasoft.pl\/centrumeuslug\/wp-content\/uploads\/sites\/19\/2024\/05\/Frame-1.png\",\"width\":248,\"height\":62,\"caption\":\"Centrum e-Us\u0142ug\"},\"image\":{\"@id\":\"https:\/\/multiportalgov.bonasoft.pl\/centrumeuslug\/#\/schema\/logo\/image\/\"}}]}<\/script>\n<!-- \/ Yoast SEO plugin. -->","yoast_head_json":{"title":"e-Konsultacje spo\u0142eczne - Centrum e-Us\u0142ug","robots":{"index":"index","follow":"follow","max-snippet":"max-snippet:-1","max-image-preview":"max-image-preview:large","max-video-preview":"max-video-preview:-1"},"canonical":"https:\/\/multiportalgov.bonasoft.pl\/centrumeuslug\/e-konsultacje-spoleczne\/","og_locale":"pl_PL","og_type":"article","og_title":"e-Konsultacje spo\u0142eczne - Centrum e-Us\u0142ug","og_description":"Ankieta konsultacyjna w sprawie &#8220;Rozw\u00f3j infrastruktury rekreacyjnej&#8221;","og_url":"https:\/\/multiportalgov.bonasoft.pl\/centrumeuslug\/e-konsultacje-spoleczne\/","og_site_name":"Centrum e-Us\u0142ug","article_modified_time":"2024-05-21T11:29:31+00:00","twitter_card":"summary_large_image","twitter_misc":{"Szacowany czas czytania":"1 minuta"},"schema":{"@context":"https:\/\/schema.org","@graph":[{"@type":"WebPage","@id":"https:\/\/multiportalgov.bonasoft.pl\/centrumeuslug\/e-konsultacje-spoleczne\/","url":"https:\/\/multiportalgov.bonasoft.pl\/centrumeuslug\/e-konsultacje-spoleczne\/","name":"e-Konsultacje spo\u0142eczne - Centrum e-Us\u0142ug","isPartOf":{"@id":"https:\/\/multiportalgov.bonasoft.pl\/centrumeuslug\/#website"},"datePublished":"2024-05-14T10:43:48+00:00","dateModified":"2024-05-21T11:29:31+00:00","breadcrumb":{"@id":"https:\/\/multiportalgov.bonasoft.pl\/centrumeuslug\/e-konsultacje-spoleczne\/#breadcrumb"},"inLanguage":"pl-PL","potentialAction":[{"@type":"ReadAction","target":["https:\/\/multiportalgov.bonasoft.pl\/centrumeuslug\/e-konsultacje-spoleczne\/"]}]},{"@type":"BreadcrumbList","@id":"https:\/\/multiportalgov.bonasoft.pl\/centrumeuslug\/e-konsultacje-spoleczne\/#breadcrumb","itemListElement":[{"@type":"ListItem","position":1,"name":"e-Us\u0142ugi","item":"https:\/\/multiportalgov.bonasoft.pl\/centrumeuslug\/"},{"@type":"ListItem","position":2,"name":"e-Konsultacje spo\u0142eczne"}]},{"@type":"WebSite","@id":"https:\/\/multiportalgov.bonasoft.pl\/centrumeuslug\/#website","url":"https:\/\/multiportalgov.bonasoft.pl\/centrumeuslug\/","name":"Centrum e-Us\u0142ug","description":"","publisher":{"@id":"https:\/\/multiportalgov.bonasoft.pl\/centrumeuslug\/#organization"},"potentialAction":[{"@type":"SearchAction","target":{"@type":"EntryPoint","urlTemplate":"https:\/\/multiportalgov.bonasoft.pl\/centrumeuslug\/?s={search_term_string}"},"query-input":{"@type":"PropertyValueSpecification","valueRequired":true,"valueName":"search_term_string"}}],"inLanguage":"pl-PL"},{"@type":"Organization","@id":"https:\/\/multiportalgov.bonasoft.pl\/centrumeuslug\/#organization","name":"Centrum e-Us\u0142ug","url":"https:\/\/multiportalgov.bonasoft.pl\/centrumeuslug\/","logo":{"@type":"ImageObject","inLanguage":"pl-PL","@id":"https:\/\/multiportalgov.bonasoft.pl\/centrumeuslug\/#\/schema\/logo\/image\/","url":"https:\/\/multiportalgov.bonasoft.pl\/centrumeuslug\/wp-content\/uploads\/sites\/19\/2024\/05\/Frame-1.png","contentUrl":"https:\/\/multiportalgov.bonasoft.pl\/centrumeuslug\/wp-content\/uploads\/sites\/19\/2024\/05\/Frame-1.png","width":248,"height":62,"caption":"Centrum e-Us\u0142ug"},"image":{"@id":"https:\/\/multiportalgov.bonasoft.pl\/centrumeuslug\/#\/schema\/logo\/image\/"}}]}},"uagb_featured_image_src":{"full":false,"thumbnail":false,"medium":false,"medium_large":false,"large":false,"thumblist":false,"thumbrelated":false,"meccarouselthumb":false,"gridsquare":false,"tileview":false,"1536x1536":false,"2048x2048":false,"tainacan-small":false,"tainacan-medium":false,"tainacan-medium-full":false,"tainacan-large-full":false},"uagb_author_info":{"display_name":"Administrator","author_link":"https:\/\/multiportalgov.bonasoft.pl\/centrumeuslug\/author\/jragin\/"},"uagb_comment_info":0,"uagb_excerpt":"Ankieta konsultacyjna w sprawie &#8220;Rozw\u00f3j infrastruktury rekreacyjnej&#8221;","_links":{"self":[{"href":"https:\/\/multiportalgov.bonasoft.pl\/centrumeuslug\/wp-json\/wp\/v2\/pages\/609","targetHints":{"allow":["GET"]}}],"collection":[{"href":"https:\/\/multiportalgov.bonasoft.pl\/centrumeuslug\/wp-json\/wp\/v2\/pages"}],"about":[{"href":"https:\/\/multiportalgov.bonasoft.pl\/centrumeuslug\/wp-json\/wp\/v2\/types\/page"}],"author":[{"embeddable":true,"href":"https:\/\/multiportalgov.bonasoft.pl\/centrumeuslug\/wp-json\/wp\/v2\/users\/2"}],"replies":[{"embeddable":true,"href":"https:\/\/multiportalgov.bonasoft.pl\/centrumeuslug\/wp-json\/wp\/v2\/comments?post=609"}],"version-history":[{"count":3,"href":"https:\/\/multiportalgov.bonasoft.pl\/centrumeuslug\/wp-json\/wp\/v2\/pages\/609\/revisions"}],"predecessor-version":[{"id":973,"href":"https:\/\/multiportalgov.bonasoft.pl\/centrumeuslug\/wp-json\/wp\/v2\/pages\/609\/revisions\/973"}],"wp:attachment":[{"href":"https:\/\/multiportalgov.bonasoft.pl\/centrumeuslug\/wp-json\/wp\/v2\/media?parent=609"}],"curies":[{"name":"wp","href":"https:\/\/api.w.org\/{rel}","templated":true}]}}