{"id":871,"date":"2024-05-16T09:22:39","date_gmt":"2024-05-16T07:22:39","guid":{"rendered":"https:\/\/multiportalgov.bonasoft.pl\/centrumeuslug\/?page_id=871"},"modified":"2024-05-21T11:16:25","modified_gmt":"2024-05-21T09:16:25","slug":"e-rezerwacje","status":"publish","type":"page","link":"https:\/\/multiportalgov.bonasoft.pl\/centrumeuslug\/e-rezerwacje\/","title":{"rendered":"e-Rezerwacje"},"content":{"rendered":"\n<div class=\"wp-block-columns alignwide is-layout-flex wp-container-core-columns-is-layout-3 wp-block-columns-is-layout-flex\">\n<div class=\"wp-block-column is-layout-flow wp-block-column-is-layout-flow\">\n<div class=\"wp-block-group maincard has-border-color has-global-padding is-layout-constrained wp-container-core-group-is-layout-1 wp-block-group-is-layout-constrained\" style=\"border-color:#d6ddf3;border-width:1px;border-radius:8px;padding-top:var(--wp--preset--spacing--30);padding-right:var(--wp--preset--spacing--30);padding-bottom:var(--wp--preset--spacing--30);padding-left:var(--wp--preset--spacing--30)\">\n<div class=\"wp-block-columns is-layout-flex wp-container-core-columns-is-layout-1 wp-block-columns-is-layout-flex\">\n<div class=\"wp-block-column is-layout-flow wp-block-column-is-layout-flow\" style=\"flex-basis:15%\">\n<figure class=\"wp-block-image size-full\"><img decoding=\"async\" src=\"https:\/\/gov.multi.system-testowy.pl\/wp-content\/uploads\/sites\/5\/2023\/02\/icon-color-2.png\" alt=\"ikona\" class=\"wp-image-620\"\/><\/figure>\n<\/div>\n\n\n\n<div class=\"wp-block-column is-layout-flow wp-block-column-is-layout-flow\" style=\"flex-basis:66.66%\">\n<h3 class=\"wp-block-heading\">Zarezerwuj sal\u0119<\/h3>\n\n\n\n<p>Tutaj przejdziesz do formularza rezerwacji sal<br><\/p>\n\n\n\n<p><a href=\"https:\/\/multiportalgov.bonasoft.pl\/centrumeuslug\/e-rezerwacje\/zarezerwuj-sale\/\">Przejd\u017a do formularza rezerwacji<\/a><\/p>\n<\/div>\n<\/div>\n<\/div>\n<\/div>\n\n\n\n<div class=\"wp-block-column is-layout-flow wp-block-column-is-layout-flow\">\n<div class=\"wp-block-group maincard has-border-color has-global-padding is-layout-constrained wp-container-core-group-is-layout-2 wp-block-group-is-layout-constrained\" style=\"border-color:#d6ddf3;border-width:1px;border-radius:8px;padding-top:var(--wp--preset--spacing--30);padding-right:var(--wp--preset--spacing--30);padding-bottom:var(--wp--preset--spacing--30);padding-left:var(--wp--preset--spacing--30)\">\n<div class=\"wp-block-columns alignwide is-layout-flex wp-container-core-columns-is-layout-2 wp-block-columns-is-layout-flex\">\n<div class=\"wp-block-column is-layout-flow wp-block-column-is-layout-flow\" style=\"flex-basis:15%\">\n<figure class=\"wp-block-image size-full\"><img decoding=\"async\" src=\"https:\/\/gov.multi.system-testowy.pl\/wp-content\/uploads\/sites\/5\/2023\/02\/icon-color.png\" alt=\"ikona\" class=\"wp-image-587\"\/><\/figure>\n<\/div>\n\n\n\n<div class=\"wp-block-column is-layout-flow wp-block-column-is-layout-flow\" style=\"flex-basis:66.66%\">\n<h3 class=\"wp-block-heading\">Moje rezerwacje<\/h3>\n\n\n\n<p>Tutaj sprawdzisz szczeg\u00f3\u0142y swoich rezerwacji i b\u0119dziesz m\u00f3g\u0142 nimi zarz\u0105dza\u0107.<\/p>\n\n\n\n<p><a href=\"https:\/\/multiportalgov.bonasoft.pl\/centrumeuslug\/e-rezerwacje\/moje-rezerwacje-sal\/\" data-type=\"page\" data-id=\"938\">Przejd\u017a do swoich rezerwacji<\/a><\/p>\n<\/div>\n<\/div>\n<\/div>\n<\/div>\n<\/div>\n","protected":false},"excerpt":{"rendered":"<p>Zarezerwuj sal\u0119 Tutaj przejdziesz do formularza rezerwacji sal Przejd\u017a do formularza rezerwacji Moje rezerwacje Tutaj sprawdzisz szczeg\u00f3\u0142y swoich rezerwacji i b\u0119dziesz m\u00f3g\u0142 nimi zarz\u0105dza\u0107. Przejd\u017a do swoich rezerwacji<\/p>\n","protected":false},"author":2,"featured_media":0,"parent":0,"menu_order":0,"comment_status":"closed","ping_status":"closed","template":"","meta":{"_acf_changed":false,"inline_featured_image":false,"_uag_custom_page_level_css":"","footnotes":""},"class_list":["post-871","page","type-page","status-publish","hentry"],"acf":[],"yoast_head":"<!-- This site is optimized with the Yoast SEO plugin v26.2 - https:\/\/yoast.com\/wordpress\/plugins\/seo\/ -->\n<title>e-Rezerwacje - Centrum e-Us\u0142ug<\/title>\n<meta name=\"robots\" content=\"index, follow, max-snippet:-1, max-image-preview:large, max-video-preview:-1\" \/>\n<link rel=\"canonical\" href=\"https:\/\/multiportalgov.bonasoft.pl\/centrumeuslug\/e-rezerwacje\/\" \/>\n<meta property=\"og:locale\" content=\"pl_PL\" \/>\n<meta property=\"og:type\" content=\"article\" \/>\n<meta property=\"og:title\" content=\"e-Rezerwacje - Centrum e-Us\u0142ug\" \/>\n<meta property=\"og:description\" content=\"Zarezerwuj sal\u0119 Tutaj przejdziesz do formularza rezerwacji sal Przejd\u017a do formularza rezerwacji Moje rezerwacje Tutaj sprawdzisz szczeg\u00f3\u0142y swoich rezerwacji i b\u0119dziesz m\u00f3g\u0142 nimi zarz\u0105dza\u0107. Przejd\u017a do swoich rezerwacji\" \/>\n<meta property=\"og:url\" content=\"https:\/\/multiportalgov.bonasoft.pl\/centrumeuslug\/e-rezerwacje\/\" \/>\n<meta property=\"og:site_name\" content=\"Centrum e-Us\u0142ug\" \/>\n<meta property=\"article:modified_time\" content=\"2024-05-21T09:16:25+00:00\" \/>\n<meta property=\"og:image\" content=\"https:\/\/gov.multi.system-testowy.pl\/wp-content\/uploads\/sites\/5\/2023\/02\/icon-color-2.png\" \/>\n<meta name=\"twitter:card\" content=\"summary_large_image\" \/>\n<meta name=\"twitter:label1\" content=\"Szacowany czas czytania\" \/>\n\t<meta name=\"twitter:data1\" content=\"1 minuta\" \/>\n<script type=\"application\/ld+json\" class=\"yoast-schema-graph\">{\"@context\":\"https:\/\/schema.org\",\"@graph\":[{\"@type\":\"WebPage\",\"@id\":\"https:\/\/multiportalgov.bonasoft.pl\/centrumeuslug\/e-rezerwacje\/\",\"url\":\"https:\/\/multiportalgov.bonasoft.pl\/centrumeuslug\/e-rezerwacje\/\",\"name\":\"e-Rezerwacje - Centrum e-Us\u0142ug\",\"isPartOf\":{\"@id\":\"https:\/\/multiportalgov.bonasoft.pl\/centrumeuslug\/#website\"},\"primaryImageOfPage\":{\"@id\":\"https:\/\/multiportalgov.bonasoft.pl\/centrumeuslug\/e-rezerwacje\/#primaryimage\"},\"image\":{\"@id\":\"https:\/\/multiportalgov.bonasoft.pl\/centrumeuslug\/e-rezerwacje\/#primaryimage\"},\"thumbnailUrl\":\"https:\/\/gov.multi.system-testowy.pl\/wp-content\/uploads\/sites\/5\/2023\/02\/icon-color-2.png\",\"datePublished\":\"2024-05-16T07:22:39+00:00\",\"dateModified\":\"2024-05-21T09:16:25+00:00\",\"breadcrumb\":{\"@id\":\"https:\/\/multiportalgov.bonasoft.pl\/centrumeuslug\/e-rezerwacje\/#breadcrumb\"},\"inLanguage\":\"pl-PL\",\"potentialAction\":[{\"@type\":\"ReadAction\",\"target\":[\"https:\/\/multiportalgov.bonasoft.pl\/centrumeuslug\/e-rezerwacje\/\"]}]},{\"@type\":\"ImageObject\",\"inLanguage\":\"pl-PL\",\"@id\":\"https:\/\/multiportalgov.bonasoft.pl\/centrumeuslug\/e-rezerwacje\/#primaryimage\",\"url\":\"https:\/\/gov.multi.system-testowy.pl\/wp-content\/uploads\/sites\/5\/2023\/02\/icon-color-2.png\",\"contentUrl\":\"https:\/\/gov.multi.system-testowy.pl\/wp-content\/uploads\/sites\/5\/2023\/02\/icon-color-2.png\"},{\"@type\":\"BreadcrumbList\",\"@id\":\"https:\/\/multiportalgov.bonasoft.pl\/centrumeuslug\/e-rezerwacje\/#breadcrumb\",\"itemListElement\":[{\"@type\":\"ListItem\",\"position\":1,\"name\":\"e-Us\u0142ugi\",\"item\":\"https:\/\/multiportalgov.bonasoft.pl\/centrumeuslug\/\"},{\"@type\":\"ListItem\",\"position\":2,\"name\":\"e-Rezerwacje\"}]},{\"@type\":\"WebSite\",\"@id\":\"https:\/\/multiportalgov.bonasoft.pl\/centrumeuslug\/#website\",\"url\":\"https:\/\/multiportalgov.bonasoft.pl\/centrumeuslug\/\",\"name\":\"Centrum e-Us\u0142ug\",\"description\":\"\",\"publisher\":{\"@id\":\"https:\/\/multiportalgov.bonasoft.pl\/centrumeuslug\/#organization\"},\"potentialAction\":[{\"@type\":\"SearchAction\",\"target\":{\"@type\":\"EntryPoint\",\"urlTemplate\":\"https:\/\/multiportalgov.bonasoft.pl\/centrumeuslug\/?s={search_term_string}\"},\"query-input\":{\"@type\":\"PropertyValueSpecification\",\"valueRequired\":true,\"valueName\":\"search_term_string\"}}],\"inLanguage\":\"pl-PL\"},{\"@type\":\"Organization\",\"@id\":\"https:\/\/multiportalgov.bonasoft.pl\/centrumeuslug\/#organization\",\"name\":\"Centrum e-Us\u0142ug\",\"url\":\"https:\/\/multiportalgov.bonasoft.pl\/centrumeuslug\/\",\"logo\":{\"@type\":\"ImageObject\",\"inLanguage\":\"pl-PL\",\"@id\":\"https:\/\/multiportalgov.bonasoft.pl\/centrumeuslug\/#\/schema\/logo\/image\/\",\"url\":\"https:\/\/multiportalgov.bonasoft.pl\/centrumeuslug\/wp-content\/uploads\/sites\/19\/2024\/05\/Frame-1.png\",\"contentUrl\":\"https:\/\/multiportalgov.bonasoft.pl\/centrumeuslug\/wp-content\/uploads\/sites\/19\/2024\/05\/Frame-1.png\",\"width\":248,\"height\":62,\"caption\":\"Centrum e-Us\u0142ug\"},\"image\":{\"@id\":\"https:\/\/multiportalgov.bonasoft.pl\/centrumeuslug\/#\/schema\/logo\/image\/\"}}]}<\/script>\n<!-- \/ Yoast SEO plugin. -->","yoast_head_json":{"title":"e-Rezerwacje - Centrum e-Us\u0142ug","robots":{"index":"index","follow":"follow","max-snippet":"max-snippet:-1","max-image-preview":"max-image-preview:large","max-video-preview":"max-video-preview:-1"},"canonical":"https:\/\/multiportalgov.bonasoft.pl\/centrumeuslug\/e-rezerwacje\/","og_locale":"pl_PL","og_type":"article","og_title":"e-Rezerwacje - Centrum e-Us\u0142ug","og_description":"Zarezerwuj sal\u0119 Tutaj przejdziesz do formularza rezerwacji sal Przejd\u017a do formularza rezerwacji Moje rezerwacje Tutaj sprawdzisz szczeg\u00f3\u0142y swoich rezerwacji i b\u0119dziesz m\u00f3g\u0142 nimi zarz\u0105dza\u0107. Przejd\u017a do swoich rezerwacji","og_url":"https:\/\/multiportalgov.bonasoft.pl\/centrumeuslug\/e-rezerwacje\/","og_site_name":"Centrum e-Us\u0142ug","article_modified_time":"2024-05-21T09:16:25+00:00","og_image":[{"url":"https:\/\/gov.multi.system-testowy.pl\/wp-content\/uploads\/sites\/5\/2023\/02\/icon-color-2.png","type":"","width":"","height":""}],"twitter_card":"summary_large_image","twitter_misc":{"Szacowany czas czytania":"1 minuta"},"schema":{"@context":"https:\/\/schema.org","@graph":[{"@type":"WebPage","@id":"https:\/\/multiportalgov.bonasoft.pl\/centrumeuslug\/e-rezerwacje\/","url":"https:\/\/multiportalgov.bonasoft.pl\/centrumeuslug\/e-rezerwacje\/","name":"e-Rezerwacje - Centrum e-Us\u0142ug","isPartOf":{"@id":"https:\/\/multiportalgov.bonasoft.pl\/centrumeuslug\/#website"},"primaryImageOfPage":{"@id":"https:\/\/multiportalgov.bonasoft.pl\/centrumeuslug\/e-rezerwacje\/#primaryimage"},"image":{"@id":"https:\/\/multiportalgov.bonasoft.pl\/centrumeuslug\/e-rezerwacje\/#primaryimage"},"thumbnailUrl":"https:\/\/gov.multi.system-testowy.pl\/wp-content\/uploads\/sites\/5\/2023\/02\/icon-color-2.png","datePublished":"2024-05-16T07:22:39+00:00","dateModified":"2024-05-21T09:16:25+00:00","breadcrumb":{"@id":"https:\/\/multiportalgov.bonasoft.pl\/centrumeuslug\/e-rezerwacje\/#breadcrumb"},"inLanguage":"pl-PL","potentialAction":[{"@type":"ReadAction","target":["https:\/\/multiportalgov.bonasoft.pl\/centrumeuslug\/e-rezerwacje\/"]}]},{"@type":"ImageObject","inLanguage":"pl-PL","@id":"https:\/\/multiportalgov.bonasoft.pl\/centrumeuslug\/e-rezerwacje\/#primaryimage","url":"https:\/\/gov.multi.system-testowy.pl\/wp-content\/uploads\/sites\/5\/2023\/02\/icon-color-2.png","contentUrl":"https:\/\/gov.multi.system-testowy.pl\/wp-content\/uploads\/sites\/5\/2023\/02\/icon-color-2.png"},{"@type":"BreadcrumbList","@id":"https:\/\/multiportalgov.bonasoft.pl\/centrumeuslug\/e-rezerwacje\/#breadcrumb","itemListElement":[{"@type":"ListItem","position":1,"name":"e-Us\u0142ugi","item":"https:\/\/multiportalgov.bonasoft.pl\/centrumeuslug\/"},{"@type":"ListItem","position":2,"name":"e-Rezerwacje"}]},{"@type":"WebSite","@id":"https:\/\/multiportalgov.bonasoft.pl\/centrumeuslug\/#website","url":"https:\/\/multiportalgov.bonasoft.pl\/centrumeuslug\/","name":"Centrum e-Us\u0142ug","description":"","publisher":{"@id":"https:\/\/multiportalgov.bonasoft.pl\/centrumeuslug\/#organization"},"potentialAction":[{"@type":"SearchAction","target":{"@type":"EntryPoint","urlTemplate":"https:\/\/multiportalgov.bonasoft.pl\/centrumeuslug\/?s={search_term_string}"},"query-input":{"@type":"PropertyValueSpecification","valueRequired":true,"valueName":"search_term_string"}}],"inLanguage":"pl-PL"},{"@type":"Organization","@id":"https:\/\/multiportalgov.bonasoft.pl\/centrumeuslug\/#organization","name":"Centrum e-Us\u0142ug","url":"https:\/\/multiportalgov.bonasoft.pl\/centrumeuslug\/","logo":{"@type":"ImageObject","inLanguage":"pl-PL","@id":"https:\/\/multiportalgov.bonasoft.pl\/centrumeuslug\/#\/schema\/logo\/image\/","url":"https:\/\/multiportalgov.bonasoft.pl\/centrumeuslug\/wp-content\/uploads\/sites\/19\/2024\/05\/Frame-1.png","contentUrl":"https:\/\/multiportalgov.bonasoft.pl\/centrumeuslug\/wp-content\/uploads\/sites\/19\/2024\/05\/Frame-1.png","width":248,"height":62,"caption":"Centrum e-Us\u0142ug"},"image":{"@id":"https:\/\/multiportalgov.bonasoft.pl\/centrumeuslug\/#\/schema\/logo\/image\/"}}]}},"uagb_featured_image_src":{"full":false,"thumbnail":false,"medium":false,"medium_large":false,"large":false,"thumblist":false,"thumbrelated":false,"meccarouselthumb":false,"gridsquare":false,"tileview":false,"1536x1536":false,"2048x2048":false,"tainacan-small":false,"tainacan-medium":false,"tainacan-medium-full":false,"tainacan-large-full":false},"uagb_author_info":{"display_name":"Administrator","author_link":"https:\/\/multiportalgov.bonasoft.pl\/centrumeuslug\/author\/jragin\/"},"uagb_comment_info":0,"uagb_excerpt":"Zarezerwuj sal\u0119 Tutaj przejdziesz do formularza rezerwacji sal Przejd\u017a do formularza rezerwacji Moje rezerwacje Tutaj sprawdzisz szczeg\u00f3\u0142y swoich rezerwacji i b\u0119dziesz m\u00f3g\u0142 nimi zarz\u0105dza\u0107. Przejd\u017a do swoich rezerwacji","_links":{"self":[{"href":"https:\/\/multiportalgov.bonasoft.pl\/centrumeuslug\/wp-json\/wp\/v2\/pages\/871","targetHints":{"allow":["GET"]}}],"collection":[{"href":"https:\/\/multiportalgov.bonasoft.pl\/centrumeuslug\/wp-json\/wp\/v2\/pages"}],"about":[{"href":"https:\/\/multiportalgov.bonasoft.pl\/centrumeuslug\/wp-json\/wp\/v2\/types\/page"}],"author":[{"embeddable":true,"href":"https:\/\/multiportalgov.bonasoft.pl\/centrumeuslug\/wp-json\/wp\/v2\/users\/2"}],"replies":[{"embeddable":true,"href":"https:\/\/multiportalgov.bonasoft.pl\/centrumeuslug\/wp-json\/wp\/v2\/comments?post=871"}],"version-history":[{"count":7,"href":"https:\/\/multiportalgov.bonasoft.pl\/centrumeuslug\/wp-json\/wp\/v2\/pages\/871\/revisions"}],"predecessor-version":[{"id":970,"href":"https:\/\/multiportalgov.bonasoft.pl\/centrumeuslug\/wp-json\/wp\/v2\/pages\/871\/revisions\/970"}],"wp:attachment":[{"href":"https:\/\/multiportalgov.bonasoft.pl\/centrumeuslug\/wp-json\/wp\/v2\/media?parent=871"}],"curies":[{"name":"wp","href":"https:\/\/api.w.org\/{rel}","templated":true}]}}